{"id":123,"date":"2018-10-30T08:26:07","date_gmt":"2018-10-30T08:26:07","guid":{"rendered":"http:\/\/ang-deutschland.de\/?page_id=123"},"modified":"2018-11-02T08:40:01","modified_gmt":"2018-11-02T08:40:01","slug":"was-macht-ein-niedergelassener-gefaesschirurg","status":"publish","type":"page","link":"https:\/\/bng-deutschland.de\/?page_id=123","title":{"rendered":"Was Gef\u00e4\u00dfchirurgen machen"},"content":{"rendered":"<p>Zum Verst\u00e4ndnis der Arbeit niedergelassener Gef\u00e4\u00dfchirurgen in Deutschland ist es hilfreich, sich zun\u00e4chst einen \u00dcberblick \u00fcber die verschiedenen Akteure in der ambulanten gef\u00e4\u00dfmedizinischen Versorgung zu verschaffen. Denn neben Gef\u00e4\u00dfchirurgen sind hier weitere verschiedene Fachgruppen t\u00e4tig, bei denen sich die Schwerpunkte und formalen Qualifikationen zum Teil deutlich unterscheiden.<\/p>\n<p><h3>Wer macht ambulante Gef\u00e4\u00dfmedizin?<\/h3>\n<p>Zun\u00e4chst gibt es die folgenden Facharztbezeichnungen, die eine mehrj\u00e4hrige gef\u00e4\u00dfmedizinische Ausbildung in der Behandlung von arteriellen und ven\u00f6sen Erkrankungen mit abschlie\u00dfender Facharztpr\u00fcfung zur Voraussetzung haben:<\/p>\n<p> &#8211; Facharzt f\u00fcr Chirurgie und Gef\u00e4\u00dfchirurgie<br \/>\n &#8211; Facharzt f\u00fcr Innere Medizin und Angiologie<\/p>\n<p>Dar\u00fcber hinaus gibt es eine Zusatzausbildung Phlebologie, die mindestens 18 Monate dauert und zur Behandlung von ven\u00f6sen und lymphologischen Erkrankungen qualifiziert. Diese steht nicht nicht nur den oben genannten gef\u00e4\u00dfmedizinischen Fach\u00e4rzten, sondern prinzipiell auch allen anderen Fachrichtungen offen. H\u00e4ufig wird diese Zusatzausbildung von folgenden Fach\u00e4rzten wahrgenommen:<\/p>\n<p> &#8211; Facharzt f\u00fcr Dermatologie<br \/>\n &#8211; Facharzt f\u00fcr Allgemeinmedizin<\/p>\n<h3>Was ist das Besondere an niedergelassenen Gef\u00e4\u00dfchirurgen?<\/h3>\n<p>Zwei wesentliche Punkte unterscheiden Gef\u00e4\u00dfchirurgen von den anderen oben genannten Fachrichtungen und Zusatzbezeichnungen.<\/p>\n<p>Zum einen verf\u00fcgen Gef\u00e4\u00dfchirurgen \u00fcber eine mehrj\u00e4hrige chirurgische Ausbildung f\u00fcr Operationen an den Blutgef\u00e4\u00dfen. Darunter sind beispielsweise Eingriffe an der Hauptschlagader (Aorta), Halsschlagader (Carotis) oder am tiefen Venensystem. Eine wichtige Voraussetzung, um Gef\u00e4\u00dfoperationen zu planen und Probleme w\u00e4hrend oder nach einem Eingriff sicher zu beherrschen. Insbesondere bei ambulanten Eingriffen ohne Krankenhausinfrastruktur wie beispielsweise Krampfaderoperationen, ist die umfassende chirurgische Ausbildung ein fundamentaler Vorteil.<\/p>\n<p>Zum anderen verf\u00fcgen Gef\u00e4\u00dfchirurgen \u00fcber die M\u00f6glichkeit, Operationen an Arterien (Schlagadern) zu erbringen. Im ambulanten Bereich handelt es sich dabei im wesentlichen um die Anlage von Dialysezug\u00e4ngen und Implantation von Herzschrittmachern sowie Portsystemen zur Chemotherapie. Auch station\u00e4re, gro\u00dfe Eingriffe an Haupt-, Bein- oder Halsschlagadern sind f\u00fcr niedergelassene Gef\u00e4\u00dfchirurgen im Rahmen einer Krankenhauskooperation m\u00f6glich.<\/p>\n","protected":false},"excerpt":{"rendered":"<p>Zum Verst\u00e4ndnis der Arbeit niedergelassener Gef\u00e4\u00dfchirurgen in Deutschland ist es hilfreich, sich zun\u00e4chst einen \u00dcberblick \u00fcber die verschiedenen Akteure in<\/p>\n","protected":false},"author":1,"featured_media":0,"parent":0,"menu_order":0,"comment_status":"closed","ping_status":"closed","template":"","meta":{"footnotes":""},"class_list":["post-123","page","type-page","status-publish","hentry"],"yoast_head":"<!-- This site is optimized with the Yoast SEO plugin v24.8.1 - https:\/\/yoast.com\/wordpress\/plugins\/seo\/ -->\n<title>Was Gef\u00e4\u00dfchirurgen machen -<\/title>\n<meta name=\"robots\" content=\"index, follow, max-snippet:-1, max-image-preview:large, max-video-preview:-1\" \/>\n<link rel=\"canonical\" href=\"https:\/\/bng-deutschland.de\/?page_id=123\" \/>\n<meta property=\"og:locale\" content=\"de_DE\" \/>\n<meta property=\"og:type\" content=\"article\" \/>\n<meta property=\"og:title\" content=\"Was Gef\u00e4\u00dfchirurgen machen -\" \/>\n<meta property=\"og:description\" content=\"Zum Verst\u00e4ndnis der Arbeit niedergelassener Gef\u00e4\u00dfchirurgen in Deutschland ist es hilfreich, sich zun\u00e4chst einen \u00dcberblick \u00fcber die verschiedenen Akteure in\" \/>\n<meta property=\"og:url\" content=\"https:\/\/bng-deutschland.de\/?page_id=123\" \/>\n<meta property=\"article:modified_time\" content=\"2018-11-02T08:40:01+00:00\" \/>\n<meta name=\"twitter:card\" content=\"summary_large_image\" \/>\n<meta name=\"twitter:label1\" content=\"Gesch\u00e4tzte Lesezeit\" \/>\n\t<meta name=\"twitter:data1\" content=\"2\u00a0Minuten\" \/>\n<script type=\"application\/ld+json\" class=\"yoast-schema-graph\">{\"@context\":\"https:\/\/schema.org\",\"@graph\":[{\"@type\":\"WebPage\",\"@id\":\"https:\/\/bng-deutschland.de\/?page_id=123\",\"url\":\"https:\/\/bng-deutschland.de\/?page_id=123\",\"name\":\"Was Gef\u00e4\u00dfchirurgen machen -\",\"isPartOf\":{\"@id\":\"https:\/\/bng-deutschland.de\/#website\"},\"datePublished\":\"2018-10-30T08:26:07+00:00\",\"dateModified\":\"2018-11-02T08:40:01+00:00\",\"breadcrumb\":{\"@id\":\"https:\/\/bng-deutschland.de\/?page_id=123#breadcrumb\"},\"inLanguage\":\"de\",\"potentialAction\":[{\"@type\":\"ReadAction\",\"target\":[\"https:\/\/bng-deutschland.de\/?page_id=123\"]}]},{\"@type\":\"BreadcrumbList\",\"@id\":\"https:\/\/bng-deutschland.de\/?page_id=123#breadcrumb\",\"itemListElement\":[{\"@type\":\"ListItem\",\"position\":1,\"name\":\"Startseite\",\"item\":\"https:\/\/bng-deutschland.de\/\"},{\"@type\":\"ListItem\",\"position\":2,\"name\":\"Was Gef\u00e4\u00dfchirurgen machen\"}]},{\"@type\":\"WebSite\",\"@id\":\"https:\/\/bng-deutschland.de\/#website\",\"url\":\"https:\/\/bng-deutschland.de\/\",\"name\":\"ANG Deutschland\",\"description\":\"\",\"publisher\":{\"@id\":\"https:\/\/bng-deutschland.de\/#organization\"},\"potentialAction\":[{\"@type\":\"SearchAction\",\"target\":{\"@type\":\"EntryPoint\",\"urlTemplate\":\"https:\/\/bng-deutschland.de\/?s={search_term_string}\"},\"query-input\":{\"@type\":\"PropertyValueSpecification\",\"valueRequired\":true,\"valueName\":\"search_term_string\"}}],\"inLanguage\":\"de\"},{\"@type\":\"Organization\",\"@id\":\"https:\/\/bng-deutschland.de\/#organization\",\"name\":\"ANG Deutschland\",\"url\":\"https:\/\/bng-deutschland.de\/\",\"logo\":{\"@type\":\"ImageObject\",\"inLanguage\":\"de\",\"@id\":\"https:\/\/bng-deutschland.de\/#\/schema\/logo\/image\/\",\"url\":\"https:\/\/bng-deutschland.de\/wp-content\/uploads\/2018\/10\/Element-11.png\",\"contentUrl\":\"https:\/\/bng-deutschland.de\/wp-content\/uploads\/2018\/10\/Element-11.png\",\"width\":5130,\"height\":798,\"caption\":\"ANG Deutschland\"},\"image\":{\"@id\":\"https:\/\/bng-deutschland.de\/#\/schema\/logo\/image\/\"}}]}<\/script>\n<!-- \/ Yoast SEO plugin. -->","yoast_head_json":{"title":"Was Gef\u00e4\u00dfchirurgen machen -","robots":{"index":"index","follow":"follow","max-snippet":"max-snippet:-1","max-image-preview":"max-image-preview:large","max-video-preview":"max-video-preview:-1"},"canonical":"https:\/\/bng-deutschland.de\/?page_id=123","og_locale":"de_DE","og_type":"article","og_title":"Was Gef\u00e4\u00dfchirurgen machen -","og_description":"Zum Verst\u00e4ndnis der Arbeit niedergelassener Gef\u00e4\u00dfchirurgen in Deutschland ist es hilfreich, sich zun\u00e4chst einen \u00dcberblick \u00fcber die verschiedenen Akteure in","og_url":"https:\/\/bng-deutschland.de\/?page_id=123","article_modified_time":"2018-11-02T08:40:01+00:00","twitter_card":"summary_large_image","twitter_misc":{"Gesch\u00e4tzte Lesezeit":"2\u00a0Minuten"},"schema":{"@context":"https:\/\/schema.org","@graph":[{"@type":"WebPage","@id":"https:\/\/bng-deutschland.de\/?page_id=123","url":"https:\/\/bng-deutschland.de\/?page_id=123","name":"Was Gef\u00e4\u00dfchirurgen machen -","isPartOf":{"@id":"https:\/\/bng-deutschland.de\/#website"},"datePublished":"2018-10-30T08:26:07+00:00","dateModified":"2018-11-02T08:40:01+00:00","breadcrumb":{"@id":"https:\/\/bng-deutschland.de\/?page_id=123#breadcrumb"},"inLanguage":"de","potentialAction":[{"@type":"ReadAction","target":["https:\/\/bng-deutschland.de\/?page_id=123"]}]},{"@type":"BreadcrumbList","@id":"https:\/\/bng-deutschland.de\/?page_id=123#breadcrumb","itemListElement":[{"@type":"ListItem","position":1,"name":"Startseite","item":"https:\/\/bng-deutschland.de\/"},{"@type":"ListItem","position":2,"name":"Was Gef\u00e4\u00dfchirurgen machen"}]},{"@type":"WebSite","@id":"https:\/\/bng-deutschland.de\/#website","url":"https:\/\/bng-deutschland.de\/","name":"ANG Deutschland","description":"","publisher":{"@id":"https:\/\/bng-deutschland.de\/#organization"},"potentialAction":[{"@type":"SearchAction","target":{"@type":"EntryPoint","urlTemplate":"https:\/\/bng-deutschland.de\/?s={search_term_string}"},"query-input":{"@type":"PropertyValueSpecification","valueRequired":true,"valueName":"search_term_string"}}],"inLanguage":"de"},{"@type":"Organization","@id":"https:\/\/bng-deutschland.de\/#organization","name":"ANG Deutschland","url":"https:\/\/bng-deutschland.de\/","logo":{"@type":"ImageObject","inLanguage":"de","@id":"https:\/\/bng-deutschland.de\/#\/schema\/logo\/image\/","url":"https:\/\/bng-deutschland.de\/wp-content\/uploads\/2018\/10\/Element-11.png","contentUrl":"https:\/\/bng-deutschland.de\/wp-content\/uploads\/2018\/10\/Element-11.png","width":5130,"height":798,"caption":"ANG Deutschland"},"image":{"@id":"https:\/\/bng-deutschland.de\/#\/schema\/logo\/image\/"}}]}},"_links":{"self":[{"href":"https:\/\/bng-deutschland.de\/index.php?rest_route=\/wp\/v2\/pages\/123","targetHints":{"allow":["GET"]}}],"collection":[{"href":"https:\/\/bng-deutschland.de\/index.php?rest_route=\/wp\/v2\/pages"}],"about":[{"href":"https:\/\/bng-deutschland.de\/index.php?rest_route=\/wp\/v2\/types\/page"}],"author":[{"embeddable":true,"href":"https:\/\/bng-deutschland.de\/index.php?rest_route=\/wp\/v2\/users\/1"}],"replies":[{"embeddable":true,"href":"https:\/\/bng-deutschland.de\/index.php?rest_route=%2Fwp%2Fv2%2Fcomments&post=123"}],"version-history":[{"count":13,"href":"https:\/\/bng-deutschland.de\/index.php?rest_route=\/wp\/v2\/pages\/123\/revisions"}],"predecessor-version":[{"id":232,"href":"https:\/\/bng-deutschland.de\/index.php?rest_route=\/wp\/v2\/pages\/123\/revisions\/232"}],"wp:attachment":[{"href":"https:\/\/bng-deutschland.de\/index.php?rest_route=%2Fwp%2Fv2%2Fmedia&parent=123"}],"curies":[{"name":"wp","href":"https:\/\/api.w.org\/{rel}","templated":true}]}}