{"id":18,"date":"2018-10-29T12:38:51","date_gmt":"2018-10-29T12:38:51","guid":{"rendered":"http:\/\/ang-deutschland.de\/?page_id=18"},"modified":"2025-04-10T16:55:21","modified_gmt":"2025-04-10T16:55:21","slug":"mitglied-werden","status":"publish","type":"page","link":"https:\/\/bng-deutschland.de\/?page_id=18","title":{"rendered":"Mitglied werden"},"content":{"rendered":"<p><strong><em>Warum sollte ich Mitglied im Berufsverband niedergelassene Gef\u00e4\u00dfchirurgie werden?<\/em><\/strong><\/p>\n<p>Eine Mitgliedschaft im BNG lohnt sich: Der regelm\u00e4\u00dfige Austausch mit ebenfalls niedergelassenen gef\u00e4\u00dfmedizinisch t\u00e4tigen Kollegen ist f\u00fcr die t\u00e4glich Praxis unersetzlich.<\/p>\n<p>Zweimal im Jahr veranstalten wir an wechselnden Orten eine Tagung mit Themen die speziell f\u00fcr unsere T\u00e4tigkeit wichtig sind. Dies sind nicht nur wissenschaftliche Vortr\u00e4ge, wir besch\u00e4ftigen uns auch mit gesundheits- und berufspolitischen Themen, die f\u00fcr uns von Bedeutung sind.<\/p>\n<p>F\u00fcr unsere Mitglieder machen wir uns stark gegen\u00fcber den anderen Akteuren im Gesundheitswesen. Unsere Mitglieder k\u00f6nnen sich im BNG auch selbst einbringen und anderen helfen.<\/p>\n<p><strong><em>Wer kann Mitglied werden?<\/em><\/strong><\/p>\n<ul>\n<li>Fach\u00e4rzte f\u00fcr Chirurgie\/Gef\u00e4\u00dfchirurgie bzw. Fach\u00e4rzte f\u00fcr Gef\u00e4\u00dfchirurgie,<\/li>\n<li>andere Fach\u00e4rzte mit der Schwerpunktbezeichnung Angiologie<span class=\"Apple-converted-space\">,<\/span><\/li>\n<li>andere Fach\u00e4rzte mit der Zusatzbezeichnung Phlebologie<span class=\"Apple-converted-space\">\u00a0<\/span><\/li>\n<\/ul>\n<p>die in freier Praxis niedergelassen sind oder in Medizinischen Versorgungszentren als<span class=\"Apple-converted-space\">\u00a0<\/span>Gesellschafter t\u00e4tig sind oder im Angestelltenverh\u00e4ltnis t\u00e4tig sind und die Zwecke und Ziele<span class=\"Apple-converted-space\">\u00a0<\/span>des Berufsverbands niedergelassene Gef\u00e4\u00dfchirurgie unterst\u00fctzen.<span class=\"Apple-converted-space\">\u00a0<\/span>Die ordentlichen Mitglieder sollen sich ausschlie\u00dflich oder \u00fcberwiegend auf dem Gebiet der<span class=\"Apple-converted-space\">\u00a0<\/span>Gef\u00e4\u00dfchirurgie\/Angiologie\/Phlebologie bet\u00e4tigen.<span class=\"Apple-converted-space\">\u00a0<\/span><\/p>\n<p>Erf\u00fcllen Sie die Voraussetzungen? Jetzt hier die Mitgliedschaft beantragen:<\/p>\n<h2>Antrag auf Mitgliedschaft im Berufsverband niedergelassene Gef\u00e4\u00dfchirurgie<\/h2>\n\n<div class=\"frm_forms  with_frm_style frm_style_formidable-stil\" id=\"frm_form_2_container\" data-token=\"f2187e2eb430f84fe4afff9dacd57367\">\n<form enctype=\"multipart\/form-data\" method=\"post\" class=\"frm-show-form \" id=\"form_contact-us\" data-token=\"f2187e2eb430f84fe4afff9dacd57367\">\n<div class=\"frm_form_fields \">\n<fieldset>\n<legend class=\"frm_screen_reader\">Mitgliedsantrag stellen<\/legend>\r\n\r\n<div class=\"frm_fields_container\">\n<input type=\"hidden\" name=\"frm_action\" value=\"create\" \/>\n<input type=\"hidden\" name=\"form_id\" value=\"2\" \/>\n<input type=\"hidden\" name=\"frm_hide_fields_2\" id=\"frm_hide_fields_2\" value=\"\" \/>\n<input type=\"hidden\" name=\"form_key\" value=\"contact-us\" \/>\n<input type=\"hidden\" name=\"item_meta[0]\" value=\"\" \/>\n<input type=\"hidden\" id=\"frm_submit_entry_2\" name=\"frm_submit_entry_2\" value=\"b693abab29\" \/><input type=\"hidden\" name=\"_wp_http_referer\" value=\"\/index.php?rest_route=%2Fwp%2Fv2%2Fpages%2F18\" \/><div id=\"frm_field_13_container\" class=\"frm_form_field form-field  frm_top_container frm4 frm_first\">\r\n\t<label for=\"field_fcdth\" id=\"field_fcdth_label\" class=\"frm_primary_label\">Titel\r\n\t\t<span class=\"frm_required\" aria-hidden=\"true\"><\/span>\r\n\t<\/label>\r\n\t<input type=\"text\" id=\"field_fcdth\" name=\"item_meta[13]\" value=\"\"  data-invmsg=\"Titel ist ung\u00fcltig\" aria-invalid=\"false\"  \/>\r\n\t\r\n\t\r\n<\/div>\n<div id=\"frm_field_6_container\" class=\"frm_form_field form-field  frm_required_field frm_top_container frm4\">\r\n    <label for=\"field_qh4icy2\" class=\"frm_primary_label\">Vorname\r\n        <span class=\"frm_required\">*<\/span>\r\n    <\/label>\r\n    <input type=\"text\" id=\"field_qh4icy2\" name=\"item_meta[6]\" value=\"\"  data-reqmsg=\"Vorname cannot be blank.\" aria-required=\"true\" data-invmsg=\"Vorname ist ung\u00fcltig\" aria-invalid=\"false\"  \/>\r\n    \r\n    \r\n<\/div>\n<div id=\"frm_field_7_container\" class=\"frm_form_field form-field  frm_required_field frm_hidden_container frm4\">\r\n    <label for=\"field_ocfup12\" class=\"frm_primary_label\">Nachname\r\n        <span class=\"frm_required\">*<\/span>\r\n    <\/label>\r\n    <input type=\"text\" id=\"field_ocfup12\" name=\"item_meta[7]\" value=\"\"  data-reqmsg=\"Nachname cannot be blank.\" aria-required=\"true\" data-invmsg=\"Nachname ist ung\u00fcltig\" aria-invalid=\"false\"  \/>\r\n    \r\n    \r\n<\/div>\n<div id=\"frm_field_8_container\" class=\"frm_form_field form-field  frm_required_field frm_top_container frm_full\">\r\n    <label for=\"field_29yf4d2\" class=\"frm_primary_label\">Email\r\n        <span class=\"frm_required\">*<\/span>\r\n    <\/label>\r\n    <input type=\"email\" id=\"field_29yf4d2\" name=\"item_meta[8]\" value=\"\"  data-reqmsg=\"Email cannot be blank.\" aria-required=\"true\" data-invmsg=\"Please enter a valid email address\" aria-invalid=\"false\"  \/>\r\n    \r\n    \r\n<\/div>\n<div id=\"frm_field_12_container\" class=\"frm_form_field form-field  frm_required_field frm_top_container\">\r\n\t<label for=\"field_6j5fb\" id=\"field_6j5fb_label\" class=\"frm_primary_label\">Facharztbezeichnung\r\n\t\t<span class=\"frm_required\" aria-hidden=\"true\">*<\/span>\r\n\t<\/label>\r\n\t<input type=\"text\" id=\"field_6j5fb\" name=\"item_meta[12]\" value=\"\"  data-reqmsg=\"Facharztbezeichnung kann nicht leer sein.\" aria-required=\"true\" data-invmsg=\"Facharztbezeichnung ist ung\u00fcltig\" aria-invalid=\"false\"  \/>\r\n\t\r\n\t\r\n<\/div>\n<div id=\"frm_field_14_container\" class=\"frm_form_field form-field  frm_required_field frm_top_container\">\r\n\t<label for=\"field_yar6b\" id=\"field_yar6b_label\" class=\"frm_primary_label\">Einrichtung\/Praxis\/MVZ\r\n\t\t<span class=\"frm_required\" aria-hidden=\"true\">*<\/span>\r\n\t<\/label>\r\n\t<input type=\"text\" id=\"field_yar6b\" name=\"item_meta[14]\" value=\"\"  data-reqmsg=\"Einrichtung\/Praxis\/MVZ kann nicht leer sein.\" aria-required=\"true\" data-invmsg=\"Einrichtung\/Praxis\/MVZ ist ung\u00fcltig\" aria-invalid=\"false\"  \/>\r\n\t\r\n\t\r\n<\/div>\n<div id=\"frm_field_15_container\" class=\"frm_form_field form-field  frm_required_field frm_top_container\">\r\n\t<label for=\"field_oni8u\" id=\"field_oni8u_label\" class=\"frm_primary_label\">Stra\u00dfe\r\n\t\t<span class=\"frm_required\" aria-hidden=\"true\">*<\/span>\r\n\t<\/label>\r\n\t<input type=\"text\" id=\"field_oni8u\" name=\"item_meta[15]\" value=\"\"  data-reqmsg=\"Stra\u00dfe kann nicht leer sein.\" aria-required=\"true\" data-invmsg=\"Stra\u00dfe ist ung\u00fcltig\" aria-invalid=\"false\"  \/>\r\n\t\r\n\t\r\n<\/div>\n<div id=\"frm_field_16_container\" class=\"frm_form_field form-field  frm_required_field frm_top_container frm6 frm_first\">\r\n\t<label for=\"field_n7adk\" id=\"field_n7adk_label\" class=\"frm_primary_label\">Postleitzahl\r\n\t\t<span class=\"frm_required\" aria-hidden=\"true\">*<\/span>\r\n\t<\/label>\r\n\t<input type=\"number\" id=\"field_n7adk\" name=\"item_meta[16]\" value=\"\"  data-reqmsg=\"Postleitzahl kann nicht leer sein.\" aria-required=\"true\" data-invmsg=\"Postleitzahl ist ung\u00fcltig\" aria-invalid=\"false\"   min=\"00001\" max=\"99999\" step=\"any\"\/>\r\n\t\r\n\t\r\n<\/div>\n<div id=\"frm_field_17_container\" class=\"frm_form_field form-field  frm_required_field frm_top_container frm6\">\r\n\t<label for=\"field_47zs5\" id=\"field_47zs5_label\" class=\"frm_primary_label\">Ort\r\n\t\t<span class=\"frm_required\" aria-hidden=\"true\">*<\/span>\r\n\t<\/label>\r\n\t<input type=\"text\" id=\"field_47zs5\" name=\"item_meta[17]\" value=\"\"  data-reqmsg=\"Ort kann nicht leer sein.\" aria-required=\"true\" data-invmsg=\"Ort ist ung\u00fcltig\" aria-invalid=\"false\"  \/>\r\n\t\r\n\t\r\n<\/div>\n<div id=\"frm_field_10_container\" class=\"frm_form_field form-field  frm_top_container frm_full\">\r\n    <label for=\"field_9jv0r12\" class=\"frm_primary_label\">M\u00f6chten Sie noch Informationen hinzuf\u00fcgen?\r\n        <span class=\"frm_required\"><\/span>\r\n    <\/label>\r\n    <textarea name=\"item_meta[10]\" id=\"field_9jv0r12\" rows=\"5\"  data-invmsg=\"M\u00f6chten Sie noch Informationen hinzuf\u00fcgen? ist ung\u00fcltig\" aria-invalid=\"false\"  ><\/textarea>\r\n    \r\n    \r\n<\/div>\n<div id=\"frm_field_18_container\" class=\"frm_form_field form-field  frm_none_container frm12 frm_first\">\n\t<label for=\"g-recaptcha-response\" id=\"field_dlxxk_label\" class=\"frm_primary_label\">Captcha\n\t\t<span class=\"frm_required\" aria-hidden=\"true\"><\/span>\n\t<\/label>\n\t<div  id=\"field_dlxxk\" class=\"frm-g-recaptcha\" data-sitekey=\"6LcM1xIrAAAAAA19RGfDMpvpudLL2ZzeqFnM9jBK\" data-size=\"invisible\" data-theme=\"light\"><\/div>\n\t\n\t\n<\/div>\n<div id=\"frm_field_11_container\" class=\"frm_form_field form-field  frm12 frm_first\">\r\n\t<div class=\"frm_submit\">\r\n\r\n<button class=\"frm_button_submit\" type=\"submit\" >Mitgliedsantrag senden<\/button>\r\n\r\n<\/div>\r\n<\/div>\n\t<input type=\"hidden\" name=\"item_key\" value=\"\" \/>\n\t\t\t\t<div class=\"frm__67f7d902ac319\">\n\t\t\t\t<label for=\"frm_email_2\" >\n\t\t\t\t\tFalls Du menschlich bist, lasse dieses Feld leer.\t\t\t\t<\/label>\n\t\t\t\t<input  id=\"frm_email_2\" type=\"text\" class=\"frm_verify\" name=\"frm__67f7d902ac319\" value=\"\" autocomplete=\"off\"  \/>\n\t\t\t<\/div>\n\t\t<\/div>\n<\/fieldset>\n<\/div>\n\n<\/form>\n<\/div>\n","protected":false},"excerpt":{"rendered":"<p>Warum sollte ich Mitglied im Berufsverband niedergelassene Gef\u00e4\u00dfchirurgie werden? Eine Mitgliedschaft im BNG lohnt sich: Der regelm\u00e4\u00dfige Austausch mit ebenfalls<\/p>\n","protected":false},"author":1,"featured_media":0,"parent":0,"menu_order":0,"comment_status":"closed","ping_status":"closed","template":"","meta":{"footnotes":""},"class_list":["post-18","page","type-page","status-publish","hentry"],"yoast_head":"<!-- This site is optimized with the Yoast SEO plugin v24.8.1 - https:\/\/yoast.com\/wordpress\/plugins\/seo\/ -->\n<title>Mitglied werden -<\/title>\n<meta name=\"robots\" content=\"index, follow, max-snippet:-1, max-image-preview:large, max-video-preview:-1\" \/>\n<link rel=\"canonical\" href=\"https:\/\/bng-deutschland.de\/?page_id=18\" \/>\n<meta property=\"og:locale\" content=\"de_DE\" \/>\n<meta property=\"og:type\" content=\"article\" \/>\n<meta property=\"og:title\" content=\"Mitglied werden -\" \/>\n<meta property=\"og:description\" content=\"Warum sollte ich Mitglied im Berufsverband niedergelassene Gef\u00e4\u00dfchirurgie werden? Eine Mitgliedschaft im BNG lohnt sich: Der regelm\u00e4\u00dfige Austausch mit ebenfalls\" \/>\n<meta property=\"og:url\" content=\"https:\/\/bng-deutschland.de\/?page_id=18\" \/>\n<meta property=\"article:modified_time\" content=\"2025-04-10T16:55:21+00:00\" \/>\n<meta name=\"twitter:card\" content=\"summary_large_image\" \/>\n<meta name=\"twitter:label1\" content=\"Gesch\u00e4tzte Lesezeit\" \/>\n\t<meta name=\"twitter:data1\" content=\"1\u00a0Minute\" \/>\n<script type=\"application\/ld+json\" class=\"yoast-schema-graph\">{\"@context\":\"https:\/\/schema.org\",\"@graph\":[{\"@type\":\"WebPage\",\"@id\":\"https:\/\/bng-deutschland.de\/?page_id=18\",\"url\":\"https:\/\/bng-deutschland.de\/?page_id=18\",\"name\":\"Mitglied werden -\",\"isPartOf\":{\"@id\":\"https:\/\/bng-deutschland.de\/#website\"},\"datePublished\":\"2018-10-29T12:38:51+00:00\",\"dateModified\":\"2025-04-10T16:55:21+00:00\",\"breadcrumb\":{\"@id\":\"https:\/\/bng-deutschland.de\/?page_id=18#breadcrumb\"},\"inLanguage\":\"de\",\"potentialAction\":[{\"@type\":\"ReadAction\",\"target\":[\"https:\/\/bng-deutschland.de\/?page_id=18\"]}]},{\"@type\":\"BreadcrumbList\",\"@id\":\"https:\/\/bng-deutschland.de\/?page_id=18#breadcrumb\",\"itemListElement\":[{\"@type\":\"ListItem\",\"position\":1,\"name\":\"Startseite\",\"item\":\"https:\/\/bng-deutschland.de\/\"},{\"@type\":\"ListItem\",\"position\":2,\"name\":\"Mitglied werden\"}]},{\"@type\":\"WebSite\",\"@id\":\"https:\/\/bng-deutschland.de\/#website\",\"url\":\"https:\/\/bng-deutschland.de\/\",\"name\":\"ANG Deutschland\",\"description\":\"\",\"publisher\":{\"@id\":\"https:\/\/bng-deutschland.de\/#organization\"},\"potentialAction\":[{\"@type\":\"SearchAction\",\"target\":{\"@type\":\"EntryPoint\",\"urlTemplate\":\"https:\/\/bng-deutschland.de\/?s={search_term_string}\"},\"query-input\":{\"@type\":\"PropertyValueSpecification\",\"valueRequired\":true,\"valueName\":\"search_term_string\"}}],\"inLanguage\":\"de\"},{\"@type\":\"Organization\",\"@id\":\"https:\/\/bng-deutschland.de\/#organization\",\"name\":\"ANG Deutschland\",\"url\":\"https:\/\/bng-deutschland.de\/\",\"logo\":{\"@type\":\"ImageObject\",\"inLanguage\":\"de\",\"@id\":\"https:\/\/bng-deutschland.de\/#\/schema\/logo\/image\/\",\"url\":\"https:\/\/bng-deutschland.de\/wp-content\/uploads\/2018\/10\/Element-11.png\",\"contentUrl\":\"https:\/\/bng-deutschland.de\/wp-content\/uploads\/2018\/10\/Element-11.png\",\"width\":5130,\"height\":798,\"caption\":\"ANG Deutschland\"},\"image\":{\"@id\":\"https:\/\/bng-deutschland.de\/#\/schema\/logo\/image\/\"}}]}<\/script>\n<!-- \/ Yoast SEO plugin. -->","yoast_head_json":{"title":"Mitglied werden -","robots":{"index":"index","follow":"follow","max-snippet":"max-snippet:-1","max-image-preview":"max-image-preview:large","max-video-preview":"max-video-preview:-1"},"canonical":"https:\/\/bng-deutschland.de\/?page_id=18","og_locale":"de_DE","og_type":"article","og_title":"Mitglied werden -","og_description":"Warum sollte ich Mitglied im Berufsverband niedergelassene Gef\u00e4\u00dfchirurgie werden? Eine Mitgliedschaft im BNG lohnt sich: Der regelm\u00e4\u00dfige Austausch mit ebenfalls","og_url":"https:\/\/bng-deutschland.de\/?page_id=18","article_modified_time":"2025-04-10T16:55:21+00:00","twitter_card":"summary_large_image","twitter_misc":{"Gesch\u00e4tzte Lesezeit":"1\u00a0Minute"},"schema":{"@context":"https:\/\/schema.org","@graph":[{"@type":"WebPage","@id":"https:\/\/bng-deutschland.de\/?page_id=18","url":"https:\/\/bng-deutschland.de\/?page_id=18","name":"Mitglied werden -","isPartOf":{"@id":"https:\/\/bng-deutschland.de\/#website"},"datePublished":"2018-10-29T12:38:51+00:00","dateModified":"2025-04-10T16:55:21+00:00","breadcrumb":{"@id":"https:\/\/bng-deutschland.de\/?page_id=18#breadcrumb"},"inLanguage":"de","potentialAction":[{"@type":"ReadAction","target":["https:\/\/bng-deutschland.de\/?page_id=18"]}]},{"@type":"BreadcrumbList","@id":"https:\/\/bng-deutschland.de\/?page_id=18#breadcrumb","itemListElement":[{"@type":"ListItem","position":1,"name":"Startseite","item":"https:\/\/bng-deutschland.de\/"},{"@type":"ListItem","position":2,"name":"Mitglied werden"}]},{"@type":"WebSite","@id":"https:\/\/bng-deutschland.de\/#website","url":"https:\/\/bng-deutschland.de\/","name":"ANG Deutschland","description":"","publisher":{"@id":"https:\/\/bng-deutschland.de\/#organization"},"potentialAction":[{"@type":"SearchAction","target":{"@type":"EntryPoint","urlTemplate":"https:\/\/bng-deutschland.de\/?s={search_term_string}"},"query-input":{"@type":"PropertyValueSpecification","valueRequired":true,"valueName":"search_term_string"}}],"inLanguage":"de"},{"@type":"Organization","@id":"https:\/\/bng-deutschland.de\/#organization","name":"ANG Deutschland","url":"https:\/\/bng-deutschland.de\/","logo":{"@type":"ImageObject","inLanguage":"de","@id":"https:\/\/bng-deutschland.de\/#\/schema\/logo\/image\/","url":"https:\/\/bng-deutschland.de\/wp-content\/uploads\/2018\/10\/Element-11.png","contentUrl":"https:\/\/bng-deutschland.de\/wp-content\/uploads\/2018\/10\/Element-11.png","width":5130,"height":798,"caption":"ANG Deutschland"},"image":{"@id":"https:\/\/bng-deutschland.de\/#\/schema\/logo\/image\/"}}]}},"_links":{"self":[{"href":"https:\/\/bng-deutschland.de\/index.php?rest_route=\/wp\/v2\/pages\/18","targetHints":{"allow":["GET"]}}],"collection":[{"href":"https:\/\/bng-deutschland.de\/index.php?rest_route=\/wp\/v2\/pages"}],"about":[{"href":"https:\/\/bng-deutschland.de\/index.php?rest_route=\/wp\/v2\/types\/page"}],"author":[{"embeddable":true,"href":"https:\/\/bng-deutschland.de\/index.php?rest_route=\/wp\/v2\/users\/1"}],"replies":[{"embeddable":true,"href":"https:\/\/bng-deutschland.de\/index.php?rest_route=%2Fwp%2Fv2%2Fcomments&post=18"}],"version-history":[{"count":7,"href":"https:\/\/bng-deutschland.de\/index.php?rest_route=\/wp\/v2\/pages\/18\/revisions"}],"predecessor-version":[{"id":493,"href":"https:\/\/bng-deutschland.de\/index.php?rest_route=\/wp\/v2\/pages\/18\/revisions\/493"}],"wp:attachment":[{"href":"https:\/\/bng-deutschland.de\/index.php?rest_route=%2Fwp%2Fv2%2Fmedia&parent=18"}],"curies":[{"name":"wp","href":"https:\/\/api.w.org\/{rel}","templated":true}]}}